{"id":2,"date":"2021-01-01T15:26:37","date_gmt":"2021-01-01T15:26:37","guid":{"rendered":"http:\/\/autoszybysanok.pl\/?page_id=2"},"modified":"2021-01-01T20:29:10","modified_gmt":"2021-01-01T20:29:10","slug":"sample-page","status":"publish","type":"page","link":"https:\/\/autoszybysanok.pl\/","title":{"rendered":"O nas"},"content":{"rendered":"<table class=\" aligncenter\" style=\"border-collapse: collapse; width: 100%;\">\n<tbody>\n<tr>\n<td style=\"width: 100%;\"><a href=\"http:\/\/autoszybysanok.pl\/wp-content\/uploads\/2021\/01\/cropped-logo-1.png\"><img loading=\"lazy\" class=\"aligncenter wp-image-21\" src=\"http:\/\/autoszybysanok.pl\/wp-content\/uploads\/2021\/01\/cropped-logo-1-300x87.png\" alt=\"\" width=\"500\" height=\"145\" srcset=\"https:\/\/autoszybysanok.pl\/wp-content\/uploads\/2021\/01\/cropped-logo-1-300x87.png 300w, https:\/\/autoszybysanok.pl\/wp-content\/uploads\/2021\/01\/cropped-logo-1-768x222.png 768w, https:\/\/autoszybysanok.pl\/wp-content\/uploads\/2021\/01\/cropped-logo-1.png 1000w\" sizes=\"(max-width: 500px) 100vw, 500px\" \/><\/a><\/p>\n<p style=\"text-align: center;\"><span style=\"color: #ffffff;\">.<\/span><\/p>\n<\/td>\n<\/tr>\n<tr>\n<td style=\"width: 100%;\"><span style=\"font-size: 20px;\">Nasza firma zajmuje si\u0119 przyciemnianiem szyb, serwisem klimatyzacji, monta\u017cem, napraw\u0105, a tak\u017ce sprzeda\u017c\u0105 szyb samochodowych, polerowaniem lamp i reflektor\u00f3w samochodowych. W ofercie mamy tak\u017ce pranie tapicerek samochodowych i dywan\u00f3w. W sprzeda\u017cy posiadamy tak\u017ce wycieraczki przednie i tylne do wszystkich typ\u00f3w samochod\u00f3w (przy zakupie kompletu dob\u00f3r i wymiana <span style=\"color: #ff0000;\"><strong>gratis<\/strong><\/span>) . Posiadamy tak\u017ce w ofercie dorabianie szyb hartowanych m.in. do koparek, maszyn rolniczych itp. Zajmujemy si\u0119 tak\u017ce spawaniem plastik\u00f3w.<\/br><\/br><\/span><\/td>\n<\/tr>\n<tr>\n<td style=\"width: 100%;\">\n<p style=\"text-align: center;\"><span style=\"font-size: 32px; color: #ff0000;\">Prowadzimy serwis klimatyzacji na nowym czynniku R1234YF.<\/span><\/p>\n<p><span style=\"font-size: 20px;\"><strong>Stosujemy najlepsze metody, mamy 12-letnie do\u015bwiadczenie.<\/strong><\/span><\/td>\n<\/tr>\n<\/tbody>\n<\/table>\n<p style=\"text-align: center;\">\n","protected":false},"excerpt":{"rendered":"<p>. Nasza firma zajmuje si\u0119 przyciemnianiem szyb, serwisem klimatyzacji, monta\u017cem, napraw\u0105, a tak\u017ce sprzeda\u017c\u0105 szyb samochodowych, polerowaniem lamp i reflektor\u00f3w samochodowych. W ofercie mamy tak\u017ce pranie tapicerek samochodowych i dywan\u00f3w. W sprzeda\u017cy posiadamy tak\u017ce wycieraczki przednie i tylne do wszystkich typ\u00f3w samochod\u00f3w (przy zakupie kompletu dob\u00f3r i wymiana gratis) . Posiadamy tak\u017ce w ofercie dorabianie [&hellip;]<\/p>\n","protected":false},"author":1,"featured_media":0,"parent":0,"menu_order":0,"comment_status":"closed","ping_status":"open","template":"","meta":{"ngg_post_thumbnail":0},"_links":{"self":[{"href":"https:\/\/autoszybysanok.pl\/index.php?rest_route=\/wp\/v2\/pages\/2"}],"collection":[{"href":"https:\/\/autoszybysanok.pl\/index.php?rest_route=\/wp\/v2\/pages"}],"about":[{"href":"https:\/\/autoszybysanok.pl\/index.php?rest_route=\/wp\/v2\/types\/page"}],"author":[{"embeddable":true,"href":"https:\/\/autoszybysanok.pl\/index.php?rest_route=\/wp\/v2\/users\/1"}],"replies":[{"embeddable":true,"href":"https:\/\/autoszybysanok.pl\/index.php?rest_route=%2Fwp%2Fv2%2Fcomments&post=2"}],"version-history":[{"count":50,"href":"https:\/\/autoszybysanok.pl\/index.php?rest_route=\/wp\/v2\/pages\/2\/revisions"}],"predecessor-version":[{"id":294,"href":"https:\/\/autoszybysanok.pl\/index.php?rest_route=\/wp\/v2\/pages\/2\/revisions\/294"}],"wp:attachment":[{"href":"https:\/\/autoszybysanok.pl\/index.php?rest_route=%2Fwp%2Fv2%2Fmedia&parent=2"}],"curies":[{"name":"wp","href":"https:\/\/api.w.org\/{rel}","templated":true}]}}